{"id":10039,"date":"2020-07-20T22:30:37","date_gmt":"2020-07-20T19:30:37","guid":{"rendered":"https:\/\/www.semica.com.tr\/?post_type=product&#038;p=10039"},"modified":"2023-05-30T10:11:00","modified_gmt":"2023-05-30T07:11:00","slug":"ripe-plus","status":"publish","type":"product","link":"https:\/\/www.semica.com.tr\/index.php\/urun\/ripe-plus\/","title":{"rendered":"<font color=\"green\">RIPE PLUS<\/font>"},"content":{"rendered":"<p><strong>Y\u00fcksek Kaliteli Yay\u0131c\u0131 Yap\u0131\u015ft\u0131r\u0131c\u0131<\/strong><\/p>\n","protected":false},"excerpt":{"rendered":"<p>Y\u00fcksek Kaliteli Yay\u0131c\u0131 Yap\u0131\u015ft\u0131r\u0131c\u0131<\/p>\n","protected":false},"featured_media":18345,"comment_status":"open","ping_status":"closed","template":"","meta":[],"_links":{"self":[{"href":"https:\/\/www.semica.com.tr\/index.php\/wp-json\/wp\/v2\/product\/10039"}],"collection":[{"href":"https:\/\/www.semica.com.tr\/index.php\/wp-json\/wp\/v2\/product"}],"about":[{"href":"https:\/\/www.semica.com.tr\/index.php\/wp-json\/wp\/v2\/types\/product"}],"replies":[{"embeddable":true,"href":"https:\/\/www.semica.com.tr\/index.php\/wp-json\/wp\/v2\/comments?post=10039"}],"wp:featuredmedia":[{"embeddable":true,"href":"https:\/\/www.semica.com.tr\/index.php\/wp-json\/wp\/v2\/media\/18345"}],"wp:attachment":[{"href":"https:\/\/www.semica.com.tr\/index.php\/wp-json\/wp\/v2\/media?parent=10039"}],"curies":[{"name":"wp","href":"https:\/\/api.w.org\/{rel}","templated":true}]}}