{"id":20035,"date":"2022-04-24T16:39:59","date_gmt":"2022-04-24T13:39:59","guid":{"rendered":"https:\/\/www.semica.com.tr\/?post_type=product&#038;p=20035"},"modified":"2022-04-24T16:47:17","modified_gmt":"2022-04-24T13:47:17","slug":"sumibion","status":"publish","type":"product","link":"https:\/\/www.semica.com.tr\/index.php\/urun\/sumibion\/","title":{"rendered":"<font color=\"green\">Sumibion<\/font>"},"content":{"rendered":"","protected":false},"excerpt":{"rendered":"<p><em>HAYVANSAL MEN\u015eEL\u0130 AM\u0130NOAS\u0130T \u0130\u00c7EREN SIVI ORGAN\u0130K G\u00dcBRE<\/em><\/p>\n<p><strong>GARANT\u0130 ED\u0130LEN \u0130\u00c7ER\u0130K\u00a0<\/strong><\/p>\n<p>Organik Madde: %55<\/p>\n<p>Organik Karbon: %17<\/p>\n<p>Organik Azot (N): %8<\/p>\n<p>Serbest Aminoasitler: %14<\/p>\n<p>pH: 5-7<\/p>\n<p><button type=\"button\"><a class=\"btn btn-success\" href=\"http:\/\/semica.com.tr\/etiketler\/sumibion.pdf\" target=\"_blank\" rel=\"noopener\">Etiket Bilgileri i\u00e7in T\u0131klay\u0131n\u0131z<\/a><\/button><\/p>\n","protected":false},"featured_media":20036,"comment_status":"open","ping_status":"closed","template":"","meta":[],"_links":{"self":[{"href":"https:\/\/www.semica.com.tr\/index.php\/wp-json\/wp\/v2\/product\/20035"}],"collection":[{"href":"https:\/\/www.semica.com.tr\/index.php\/wp-json\/wp\/v2\/product"}],"about":[{"href":"https:\/\/www.semica.com.tr\/index.php\/wp-json\/wp\/v2\/types\/product"}],"replies":[{"embeddable":true,"href":"https:\/\/www.semica.com.tr\/index.php\/wp-json\/wp\/v2\/comments?post=20035"}],"wp:featuredmedia":[{"embeddable":true,"href":"https:\/\/www.semica.com.tr\/index.php\/wp-json\/wp\/v2\/media\/20036"}],"wp:attachment":[{"href":"https:\/\/www.semica.com.tr\/index.php\/wp-json\/wp\/v2\/media?parent=20035"}],"curies":[{"name":"wp","href":"https:\/\/api.w.org\/{rel}","templated":true}]}}