{"id":20039,"date":"2022-04-24T17:01:05","date_gmt":"2022-04-24T14:01:05","guid":{"rendered":"https:\/\/www.semica.com.tr\/?post_type=product&#038;p=20039"},"modified":"2022-04-24T17:11:41","modified_gmt":"2022-04-24T14:11:41","slug":"scolti-oxi","status":"publish","type":"product","link":"https:\/\/www.semica.com.tr\/index.php\/urun\/scolti-oxi\/","title":{"rendered":"<font color=\"green\">Scolti Oxi<\/font>"},"content":{"rendered":"","protected":false},"excerpt":{"rendered":"<p><strong>EC FERTILIZER<\/strong><br \/>\nBak\u0131r (Cu-Oksiklor\u00fcr) ve \u00c7inko (Zn-Oksit)<br \/>\nS\u0131v\u0131 Mikro Bitki Besin Maddeleri Kar\u0131\u015f\u0131m\u0131<\/p>\n<p><strong>GARANT\u0130 ED\u0130LEN \u0130\u00c7ER\u0130K w\/w<\/strong><br \/>\nToplam BAKIR (Cu) % 20<br \/>\nToplam \u00c7\u0130NKO (Zn) % 7<\/p>\n<p><button type=\"button\"><a class=\"btn btn-success\" href=\"http:\/\/semica.com.tr\/etiketler\/scoltiOxi.pdf\" target=\"_blank\" rel=\"noopener\">Etiket Bilgileri i\u00e7in T\u0131klay\u0131n\u0131z<\/a><\/button><\/p>\n","protected":false},"featured_media":20042,"comment_status":"open","ping_status":"closed","template":"","meta":[],"_links":{"self":[{"href":"https:\/\/www.semica.com.tr\/index.php\/wp-json\/wp\/v2\/product\/20039"}],"collection":[{"href":"https:\/\/www.semica.com.tr\/index.php\/wp-json\/wp\/v2\/product"}],"about":[{"href":"https:\/\/www.semica.com.tr\/index.php\/wp-json\/wp\/v2\/types\/product"}],"replies":[{"embeddable":true,"href":"https:\/\/www.semica.com.tr\/index.php\/wp-json\/wp\/v2\/comments?post=20039"}],"wp:featuredmedia":[{"embeddable":true,"href":"https:\/\/www.semica.com.tr\/index.php\/wp-json\/wp\/v2\/media\/20042"}],"wp:attachment":[{"href":"https:\/\/www.semica.com.tr\/index.php\/wp-json\/wp\/v2\/media?parent=20039"}],"curies":[{"name":"wp","href":"https:\/\/api.w.org\/{rel}","templated":true}]}}