{"id":20049,"date":"2022-05-27T16:58:21","date_gmt":"2022-05-27T13:58:21","guid":{"rendered":"https:\/\/www.semica.com.tr\/?post_type=product&#038;p=20049"},"modified":"2023-05-27T12:23:47","modified_gmt":"2023-05-27T09:23:47","slug":"masterram","status":"publish","type":"product","link":"https:\/\/www.semica.com.tr\/index.php\/urun\/masterram\/","title":{"rendered":"<font color=\"green\">MasterRAM<\/font>"},"content":{"rendered":"","protected":false},"excerpt":{"rendered":"<p><strong>GARANT\u0130 ED\u0130LEN \u0130\u00c7ER\u0130K w\/w<\/strong><br \/>\nSuda \u00c7\u00f6z\u00fcn\u00fcr Bak\u0131r (B) % 5,5<\/p>\n<p><button type=\"button\"><a class=\"btn btn-success\" href=\"http:\/\/semica.com.tr\/etiketler\/masterRam.pdf\" target=\"_blank\" rel=\"noopener\">Etiket Bilgileri i\u00e7in T\u0131klay\u0131n\u0131z<\/a><\/button><\/p>\n","protected":false},"featured_media":20056,"comment_status":"open","ping_status":"closed","template":"","meta":[],"_links":{"self":[{"href":"https:\/\/www.semica.com.tr\/index.php\/wp-json\/wp\/v2\/product\/20049"}],"collection":[{"href":"https:\/\/www.semica.com.tr\/index.php\/wp-json\/wp\/v2\/product"}],"about":[{"href":"https:\/\/www.semica.com.tr\/index.php\/wp-json\/wp\/v2\/types\/product"}],"replies":[{"embeddable":true,"href":"https:\/\/www.semica.com.tr\/index.php\/wp-json\/wp\/v2\/comments?post=20049"}],"wp:featuredmedia":[{"embeddable":true,"href":"https:\/\/www.semica.com.tr\/index.php\/wp-json\/wp\/v2\/media\/20056"}],"wp:attachment":[{"href":"https:\/\/www.semica.com.tr\/index.php\/wp-json\/wp\/v2\/media?parent=20049"}],"curies":[{"name":"wp","href":"https:\/\/api.w.org\/{rel}","templated":true}]}}