{"id":20059,"date":"2022-10-19T14:07:49","date_gmt":"2022-10-19T11:07:49","guid":{"rendered":"https:\/\/www.semica.com.tr\/?post_type=product&#038;p=20059"},"modified":"2023-05-30T10:11:03","modified_gmt":"2023-05-30T07:11:03","slug":"sumifer","status":"publish","type":"product","link":"https:\/\/www.semica.com.tr\/index.php\/urun\/sumifer\/","title":{"rendered":"<font color=\"green\">Sumifer<\/font>"},"content":{"rendered":"","protected":false},"excerpt":{"rendered":"<p><strong>FE<\/strong><br \/>\nBor (B) ve Demir (FE-S\u00fclfat)<br \/>\nS\u0131v\u0131 Mikro Bitki Besin Maddeleri Kar\u0131\u015f\u0131m\u0131<\/p>\n<p><strong>GARANT\u0130 ED\u0130LEN \u0130\u00c7ER\u0130K w\/w<\/strong><br \/>\nSuda \u00c7\u00f6z\u00fcn\u00fcr Demir\u00a0 % 2<br \/>\nSuda \u00c7\u00f6z\u00fcn\u00fcr Bor (B) % 0,5<\/p>\n<p><button type=\"button\"><a class=\"btn btn-success\" href=\"http:\/\/semica.com.tr\/etiketler\/sumifer.pdf\" target=\"_blank\" rel=\"noopener\">Etiket Bilgileri i\u00e7in T\u0131klay\u0131n\u0131z<\/a><\/button><\/p>\n","protected":false},"featured_media":20062,"comment_status":"open","ping_status":"closed","template":"","meta":[],"_links":{"self":[{"href":"https:\/\/www.semica.com.tr\/index.php\/wp-json\/wp\/v2\/product\/20059"}],"collection":[{"href":"https:\/\/www.semica.com.tr\/index.php\/wp-json\/wp\/v2\/product"}],"about":[{"href":"https:\/\/www.semica.com.tr\/index.php\/wp-json\/wp\/v2\/types\/product"}],"replies":[{"embeddable":true,"href":"https:\/\/www.semica.com.tr\/index.php\/wp-json\/wp\/v2\/comments?post=20059"}],"wp:featuredmedia":[{"embeddable":true,"href":"https:\/\/www.semica.com.tr\/index.php\/wp-json\/wp\/v2\/media\/20062"}],"wp:attachment":[{"href":"https:\/\/www.semica.com.tr\/index.php\/wp-json\/wp\/v2\/media?parent=20059"}],"curies":[{"name":"wp","href":"https:\/\/api.w.org\/{rel}","templated":true}]}}