{"id":20069,"date":"2022-10-19T14:42:57","date_gmt":"2022-10-19T11:42:57","guid":{"rendered":"https:\/\/www.semica.com.tr\/?post_type=product&#038;p=20069"},"modified":"2023-05-30T10:11:02","modified_gmt":"2023-05-30T07:11:02","slug":"potasica","status":"publish","type":"product","link":"https:\/\/www.semica.com.tr\/index.php\/urun\/potasica\/","title":{"rendered":"<font color=\"green\">Potasica<\/font>"},"content":{"rendered":"","protected":false},"excerpt":{"rendered":"<p><strong>GARANT\u0130 ED\u0130LEN \u0130\u00c7ER\u0130K w\/w<\/strong><br \/>\nSuda \u00c7\u00f6z\u00fcn\u00fcr Potasyum Oksit (K2O)\u00a0 % 10<\/p>\n<p><button type=\"button\"><a class=\"btn btn-success\" href=\"http:\/\/semica.com.tr\/etiketler\/potasica.pdf\" target=\"_blank\" rel=\"noopener\">Etiket Bilgileri i\u00e7in T\u0131klay\u0131n\u0131z<\/a><\/button><\/p>\n","protected":false},"featured_media":20070,"comment_status":"open","ping_status":"closed","template":"","meta":[],"_links":{"self":[{"href":"https:\/\/www.semica.com.tr\/index.php\/wp-json\/wp\/v2\/product\/20069"}],"collection":[{"href":"https:\/\/www.semica.com.tr\/index.php\/wp-json\/wp\/v2\/product"}],"about":[{"href":"https:\/\/www.semica.com.tr\/index.php\/wp-json\/wp\/v2\/types\/product"}],"replies":[{"embeddable":true,"href":"https:\/\/www.semica.com.tr\/index.php\/wp-json\/wp\/v2\/comments?post=20069"}],"wp:featuredmedia":[{"embeddable":true,"href":"https:\/\/www.semica.com.tr\/index.php\/wp-json\/wp\/v2\/media\/20070"}],"wp:attachment":[{"href":"https:\/\/www.semica.com.tr\/index.php\/wp-json\/wp\/v2\/media?parent=20069"}],"curies":[{"name":"wp","href":"https:\/\/api.w.org\/{rel}","templated":true}]}}