{"id":20132,"date":"2023-02-06T14:55:42","date_gmt":"2023-02-06T11:55:42","guid":{"rendered":"https:\/\/www.semica.com.tr\/?post_type=product&#038;p=20132"},"modified":"2023-05-29T10:49:06","modified_gmt":"2023-05-29T07:49:06","slug":"segestirin","status":"publish","type":"product","link":"https:\/\/www.semica.com.tr\/index.php\/urun\/segestirin\/","title":{"rendered":"<font color=\"green\">Segestirin<\/font>"},"content":{"rendered":"","protected":false},"excerpt":{"rendered":"<p><strong>GARANT\u0130 ED\u0130LEN \u0130\u00c7ER\u0130K w\/w<\/strong><\/p>\n<ul>\n<li>Suda \u00c7\u00f6z\u00fcn\u00fcr Demir (Fe)\u00a0 % 6,0<\/li>\n<li>EDDHA ile \u015eelatl\u0131 Demir (Fe)\u00a0 % 4,8<\/li>\n<li>\u015eelat\u0131n Stabil Oldu\u011fu ph aral\u0131\u011f\u0131\u00a0 2-11<\/li>\n<\/ul>\n<p><button type=\"button\"><a class=\"btn btn-success\" href=\"http:\/\/semica.com.tr\/etiketler\/segestirin.pdf\" target=\"_blank\" rel=\"noopener\">Etiket Bilgileri i\u00e7in T\u0131klay\u0131n\u0131z<\/a><\/button><\/p>\n","protected":false},"featured_media":20133,"comment_status":"open","ping_status":"closed","template":"","meta":[],"_links":{"self":[{"href":"https:\/\/www.semica.com.tr\/index.php\/wp-json\/wp\/v2\/product\/20132"}],"collection":[{"href":"https:\/\/www.semica.com.tr\/index.php\/wp-json\/wp\/v2\/product"}],"about":[{"href":"https:\/\/www.semica.com.tr\/index.php\/wp-json\/wp\/v2\/types\/product"}],"replies":[{"embeddable":true,"href":"https:\/\/www.semica.com.tr\/index.php\/wp-json\/wp\/v2\/comments?post=20132"}],"wp:featuredmedia":[{"embeddable":true,"href":"https:\/\/www.semica.com.tr\/index.php\/wp-json\/wp\/v2\/media\/20133"}],"wp:attachment":[{"href":"https:\/\/www.semica.com.tr\/index.php\/wp-json\/wp\/v2\/media?parent=20132"}],"curies":[{"name":"wp","href":"https:\/\/api.w.org\/{rel}","templated":true}]}}