{"id":20150,"date":"2024-02-24T21:24:04","date_gmt":"2024-02-24T18:24:04","guid":{"rendered":"https:\/\/www.semica.com.tr\/?post_type=product&#038;p=20150"},"modified":"2024-02-25T12:49:41","modified_gmt":"2024-02-25T09:49:41","slug":"sumisoil","status":"publish","type":"product","link":"https:\/\/www.semica.com.tr\/index.php\/urun\/sumisoil\/","title":{"rendered":"<font color=\"green\">SumiSoil<\/font>"},"content":{"rendered":"","protected":false},"excerpt":{"rendered":"<p><strong>BiTKiSEL MENSELi AMINO AST iCEREN SIVI ORGANiK G\u00dcBRE <\/strong><\/p>\n<p><strong>GARANTi EDILEN iCERiK w\/w <\/strong><\/p>\n<ul>\n<li>Organik Madde % 15<\/li>\n<li>Organik Karbon % 6<\/li>\n<li>Organik Azot (N) % 1<\/li>\n<li>Serbest Aminoasit % 7<\/li>\n<li>pH 3-5<\/li>\n<\/ul>\n<p><button type=\"button\"><a class=\"btn btn-success\" href=\"http:\/\/semica.com.tr\/etiketler\/sumiSoil.jpg\" target=\"_blank\" rel=\"noopener\">Etiket Bilgileri i\u00e7in T\u0131klay\u0131n\u0131z<\/a><\/button><\/p>\n","protected":false},"featured_media":20151,"comment_status":"open","ping_status":"closed","template":"","meta":[],"_links":{"self":[{"href":"https:\/\/www.semica.com.tr\/index.php\/wp-json\/wp\/v2\/product\/20150"}],"collection":[{"href":"https:\/\/www.semica.com.tr\/index.php\/wp-json\/wp\/v2\/product"}],"about":[{"href":"https:\/\/www.semica.com.tr\/index.php\/wp-json\/wp\/v2\/types\/product"}],"replies":[{"embeddable":true,"href":"https:\/\/www.semica.com.tr\/index.php\/wp-json\/wp\/v2\/comments?post=20150"}],"wp:featuredmedia":[{"embeddable":true,"href":"https:\/\/www.semica.com.tr\/index.php\/wp-json\/wp\/v2\/media\/20151"}],"wp:attachment":[{"href":"https:\/\/www.semica.com.tr\/index.php\/wp-json\/wp\/v2\/media?parent=20150"}],"curies":[{"name":"wp","href":"https:\/\/api.w.org\/{rel}","templated":true}]}}