{"id":20163,"date":"2024-09-01T19:31:09","date_gmt":"2024-09-01T16:31:09","guid":{"rendered":"https:\/\/www.semica.com.tr\/?post_type=product&#038;p=20163"},"modified":"2024-09-01T19:59:00","modified_gmt":"2024-09-01T16:59:00","slug":"sumielmac","status":"publish","type":"product","link":"https:\/\/www.semica.com.tr\/index.php\/urun\/sumielmac\/","title":{"rendered":"<font color=\"green\">SumiElmac<\/font>"},"content":{"rendered":"","protected":false},"excerpt":{"rendered":"<p><strong>PH D\u00dcZENLEYiCi<\/strong><\/p>\n<p><button type=\"button\"><a class=\"btn btn-success\" href=\"http:\/\/semica.com.tr\/etiketler\/sumiElmac.jpg\" target=\"_blank\" rel=\"noopener\">Etiket Bilgileri i\u00e7in T\u0131klay\u0131n\u0131z<\/a><\/button><\/p>\n","protected":false},"featured_media":20165,"comment_status":"open","ping_status":"closed","template":"","meta":[],"_links":{"self":[{"href":"https:\/\/www.semica.com.tr\/index.php\/wp-json\/wp\/v2\/product\/20163"}],"collection":[{"href":"https:\/\/www.semica.com.tr\/index.php\/wp-json\/wp\/v2\/product"}],"about":[{"href":"https:\/\/www.semica.com.tr\/index.php\/wp-json\/wp\/v2\/types\/product"}],"replies":[{"embeddable":true,"href":"https:\/\/www.semica.com.tr\/index.php\/wp-json\/wp\/v2\/comments?post=20163"}],"wp:featuredmedia":[{"embeddable":true,"href":"https:\/\/www.semica.com.tr\/index.php\/wp-json\/wp\/v2\/media\/20165"}],"wp:attachment":[{"href":"https:\/\/www.semica.com.tr\/index.php\/wp-json\/wp\/v2\/media?parent=20163"}],"curies":[{"name":"wp","href":"https:\/\/api.w.org\/{rel}","templated":true}]}}