{"id":20171,"date":"2024-09-01T19:40:11","date_gmt":"2024-09-01T16:40:11","guid":{"rendered":"https:\/\/www.semica.com.tr\/?post_type=product&#038;p=20171"},"modified":"2024-09-01T19:58:43","modified_gmt":"2024-09-01T16:58:43","slug":"sumilis","status":"publish","type":"product","link":"https:\/\/www.semica.com.tr\/index.php\/urun\/sumilis\/","title":{"rendered":"<font color=\"green\">SumiLis<\/font>"},"content":{"rendered":"","protected":false},"excerpt":{"rendered":"<p><strong>Bor (B ve Molibden (Mo)<\/strong><br \/>\n<strong>Sivi Mikro Bitki Besin Maddeleri Karisimi<\/strong><br \/>\n<strong>GARANTi EDILEN iCERiK w\/w<\/strong><br \/>\nSuda C\u00f6z\u00fcn\u00fcr Bor (B)\u00a0 %1.5<br \/>\nSuda C\u00f6z\u00fcn\u00fcr Molibden (Mo) %0 5<\/p>\n<p><button type=\"button\"><a class=\"btn btn-success\" href=\"http:\/\/semica.com.tr\/etiketler\/sumilis.jpg\" target=\"_blank\" rel=\"noopener\">Etiket Bilgileri i\u00e7in T\u0131klay\u0131n\u0131z<\/a><\/button><\/p>\n","protected":false},"featured_media":20172,"comment_status":"open","ping_status":"closed","template":"","meta":[],"_links":{"self":[{"href":"https:\/\/www.semica.com.tr\/index.php\/wp-json\/wp\/v2\/product\/20171"}],"collection":[{"href":"https:\/\/www.semica.com.tr\/index.php\/wp-json\/wp\/v2\/product"}],"about":[{"href":"https:\/\/www.semica.com.tr\/index.php\/wp-json\/wp\/v2\/types\/product"}],"replies":[{"embeddable":true,"href":"https:\/\/www.semica.com.tr\/index.php\/wp-json\/wp\/v2\/comments?post=20171"}],"wp:featuredmedia":[{"embeddable":true,"href":"https:\/\/www.semica.com.tr\/index.php\/wp-json\/wp\/v2\/media\/20172"}],"wp:attachment":[{"href":"https:\/\/www.semica.com.tr\/index.php\/wp-json\/wp\/v2\/media?parent=20171"}],"curies":[{"name":"wp","href":"https:\/\/api.w.org\/{rel}","templated":true}]}}