{"id":20174,"date":"2024-09-01T19:46:09","date_gmt":"2024-09-01T16:46:09","guid":{"rendered":"https:\/\/www.semica.com.tr\/?post_type=product&#038;p=20174"},"modified":"2024-09-01T19:46:10","modified_gmt":"2024-09-01T16:46:10","slug":"sumivir","status":"publish","type":"product","link":"https:\/\/www.semica.com.tr\/index.php\/urun\/sumivir\/","title":{"rendered":"<font color=\"green\">Sumivir<\/font>"},"content":{"rendered":"","protected":false},"excerpt":{"rendered":"<p><strong>pH D\u00dcZENLEY\u0130C\u0130<\/strong><\/p>\n","protected":false},"featured_media":20175,"comment_status":"open","ping_status":"closed","template":"","meta":[],"_links":{"self":[{"href":"https:\/\/www.semica.com.tr\/index.php\/wp-json\/wp\/v2\/product\/20174"}],"collection":[{"href":"https:\/\/www.semica.com.tr\/index.php\/wp-json\/wp\/v2\/product"}],"about":[{"href":"https:\/\/www.semica.com.tr\/index.php\/wp-json\/wp\/v2\/types\/product"}],"replies":[{"embeddable":true,"href":"https:\/\/www.semica.com.tr\/index.php\/wp-json\/wp\/v2\/comments?post=20174"}],"wp:featuredmedia":[{"embeddable":true,"href":"https:\/\/www.semica.com.tr\/index.php\/wp-json\/wp\/v2\/media\/20175"}],"wp:attachment":[{"href":"https:\/\/www.semica.com.tr\/index.php\/wp-json\/wp\/v2\/media?parent=20174"}],"curies":[{"name":"wp","href":"https:\/\/api.w.org\/{rel}","templated":true}]}}